{"id":127,"date":"2014-02-13T23:08:00","date_gmt":"2014-02-13T22:08:00","guid":{"rendered":"http:\/\/heppg.de\/ikg\/wordpress\/?page_id=127"},"modified":"2022-09-12T13:24:31","modified_gmt":"2022-09-12T11:24:31","slug":"kursunterlagen","status":"publish","type":"page","link":"https:\/\/heppg.de\/ikg\/wordpress\/?page_id=127","title":{"rendered":"Kursunterlagen"},"content":{"rendered":"<p>Kursunterlagen sind<\/p>\n<ul>\n<li>IKG, <a href=\"http:\/\/www.heppg.de\/ikg\/IKG.html\" data-wplink-edit=\"true\">Kursunterlagen f\u00fcr die Sch\u00fcler<\/a><\/li>\n<li>Pi and More, UKW Tagung 2022, <a href=\"http:\/\/heppg.de\/ikg\/wordpress\/?page_id=1091\">MQTT Workshop<\/a><\/li>\n<\/ul>\n<p>Die IKG Kursunterlagen werden regelm\u00e4ssig aktualisiert. Die letzten \u00c4nderungen betreffen den Kurs 2. Halbjahr 2022.<br \/>\nDie <a href=\"http:\/\/www.heppg.de\/ikg\/IKG.html\">Kursunterlagen f\u00fcr die Sch\u00fcler<\/a> sind in html organisiert und sollen einen strukturierten Einstieg in Raspberry, Linux und Scratch erm\u00f6glichen.<\/p>\n<p>Das Ziel ist, dass die Sch\u00fcler so schnell wie m\u00f6glich mit scratch umgehen und programmieren lernen. Die begleitenden Themen wie &#8216;start eines Programmes von der Kommandozeile&#8217; und \u00e4hnliches wird bei Bedarf erkl\u00e4rt.<\/p>\n<p>Sekund\u00e4rmaterial wie die scratch-Tutorials werden fr\u00fch einbezogen: es gibt eine solche F\u00fclle von Material, dass alles selbst neu zu schreiben \u00fcberfl\u00fcssig ist.<\/p>\n<p>Die <a href=\"http:\/\/www.heppg.de\/ikg\/IKG.html\">Kursmaterialien <\/a>sind hier zu finden.<\/p>\n<p>Die Anwendung des raspberry pi f\u00fcr den Anschluss von Peripherie ist im <a href=\"http:\/\/www.heppg.de\/ikg\/box\/adapter\/Adapterplatine_3.pdf\">Handbuch der Adapterplatine<\/a> in Beispielen aufgef\u00fchrt.<\/p>\n","protected":false},"excerpt":{"rendered":"<p>Kursunterlagen sind IKG, Kursunterlagen f\u00fcr die Sch\u00fcler Pi and More, UKW Tagung 2022, MQTT Workshop Die IKG Kursunterlagen werden regelm\u00e4ssig aktualisiert. Die letzten \u00c4nderungen betreffen den Kurs 2. Halbjahr 2022. Die Kursunterlagen f\u00fcr die Sch\u00fcler sind in html organisiert und sollen einen strukturierten Einstieg in Raspberry, Linux und Scratch erm\u00f6glichen. Das Ziel ist, dass die [&hellip;]<\/p>\n","protected":false},"author":1,"featured_media":0,"parent":0,"menu_order":10,"comment_status":"closed","ping_status":"open","template":"","meta":{"footnotes":""},"class_list":["post-127","page","type-page","status-publish","hentry"],"_links":{"self":[{"href":"https:\/\/heppg.de\/ikg\/wordpress\/index.php?rest_route=\/wp\/v2\/pages\/127","targetHints":{"allow":["GET"]}}],"collection":[{"href":"https:\/\/heppg.de\/ikg\/wordpress\/index.php?rest_route=\/wp\/v2\/pages"}],"about":[{"href":"https:\/\/heppg.de\/ikg\/wordpress\/index.php?rest_route=\/wp\/v2\/types\/page"}],"author":[{"embeddable":true,"href":"https:\/\/heppg.de\/ikg\/wordpress\/index.php?rest_route=\/wp\/v2\/users\/1"}],"replies":[{"embeddable":true,"href":"https:\/\/heppg.de\/ikg\/wordpress\/index.php?rest_route=%2Fwp%2Fv2%2Fcomments&post=127"}],"version-history":[{"count":7,"href":"https:\/\/heppg.de\/ikg\/wordpress\/index.php?rest_route=\/wp\/v2\/pages\/127\/revisions"}],"predecessor-version":[{"id":1094,"href":"https:\/\/heppg.de\/ikg\/wordpress\/index.php?rest_route=\/wp\/v2\/pages\/127\/revisions\/1094"}],"wp:attachment":[{"href":"https:\/\/heppg.de\/ikg\/wordpress\/index.php?rest_route=%2Fwp%2Fv2%2Fmedia&parent=127"}],"curies":[{"name":"wp","href":"https:\/\/api.w.org\/{rel}","templated":true}]}}