{"id":16,"date":"2014-01-24T19:33:57","date_gmt":"2014-01-24T19:33:57","guid":{"rendered":"http:\/\/heppg.de\/ikg\/wordpress\/?page_id=16"},"modified":"2014-02-14T23:35:16","modified_gmt":"2014-02-14T22:35:16","slug":"impressum","status":"publish","type":"page","link":"https:\/\/heppg.de\/ikg\/wordpress\/?page_id=16","title":{"rendered":"Impressum"},"content":{"rendered":"<p lang=\"zxx\"><span lang=\"zxx\">Gerhard Hepp<br \/>\n<\/span><span style=\"font-family: Arial,sans-serif;\">email heppg \u2013 \u00e4t \u2013 web \u2013 de<\/span><\/p>\n<h1 lang=\"zxx\">Haftungsausschluss<\/h1>\n<h2 lang=\"zxx\">Haftung f\u00fcr Links<\/h2>\n<p lang=\"zxx\">\u00a0<span lang=\"zxx\">Die Seiten enthalten Links zu externen Seiten (Seiten Dritter). F\u00fcr die Inhalte der verlinkten Seiten ist stets der jeweilige Anbieter oder Betreiber der Seiten verantwortlich. Die verlinkten Inhalte wurden zum Zeitpunkt der Verlinkung auf Rechteverst\u00f6sse kontrolliert. Eine permanente Kontrolle ist jedoch ohne konkrete Anhalte nicht zumutbar. Falls uns Rechteverst\u00f6sse bakannt werden, werden wir solche Links umgehend entfernen.<\/span><\/p>\n<h2 lang=\"zxx\"><b lang=\"zxx\">Urheberrecht<\/b><\/h2>\n<p lang=\"zxx\"><span style=\"font-family: Arial,sans-serif;\">Die durch die Seitenbetreiber erstellten Inhalte und Werke auf diesen Seiten unterliegen dem deutschen Urheberrecht. Die Vervielf\u00e4ltigung, Bearbeitung, Verbreitung und jede Art der Verwertung au\u00dferhalb der Grenzen des Urheberrechtes bed\u00fcrfen der schriftlichen Zustimmung des jeweiligen Autors bzw. Erstellers.<\/span><\/p>\n<p>Downloads und Kopien dieser Seite sind nur f\u00fcr den privaten, nicht kommerziellen Gebrauch gestattet. Soweit die Inhalte auf dieser Seite nicht vom Betreiber erstellt wurden, werden die Urheberrechte Dritter beachtet. Insbesondere werden Inhalte Dritter als solche gekennzeichnet. Sollten Sie trotzdem auf eine Urheberrechtsverletzung aufmerksam werden, bitten wir um einen entsprechenden Hinweis. Bei Bekanntwerden von Rechtsverletzungen werden wir derartige Inhalte umgehend entfernen.<\/p>\n<h2 lang=\"zxx\">Sicherheit<\/h2>\n<p lang=\"zxx\">F\u00fcr den Aufbau und die Verwendung der in den Anleitungen und Beispielen dargestellten Schaltungen sind die lokalen Sicherheitsbedingungen zu beachten. F\u00fcr die Versuche d\u00fcrfen nur zugelassene und sichere Komponenten verwendet werden, dies betrifft unter anderem auch Netzteile, Monitore, Tastaturen, M\u00e4use. Um die dargestellten Prinzipien klarer darzustellen sind Schutzeinrichtungen wie z.B. Sicherungen, Ber\u00fchrungsschutz jeweils weggelassen. Es ist in der Verantwortlichkeit des Anwenders, dies fachgerecht zu erg\u00e4nzen.<\/p>\n<p lang=\"zxx\">Kinder sollten die Versuche und Experimente nur unter Anleitung und Aufsicht durchf\u00fchren.<\/p>\n<p lang=\"zxx\">F\u00fcr die Richtigkeit und Funktion der Anleitungen, Schaltpl\u00e4ne o.\u00e4. wird keine Gew\u00e4hr \u00fcbernommen.<\/p>\n","protected":false},"excerpt":{"rendered":"<p>Gerhard Hepp email heppg \u2013 \u00e4t \u2013 web \u2013 de Haftungsausschluss Haftung f\u00fcr Links \u00a0Die Seiten enthalten Links zu externen Seiten (Seiten Dritter). F\u00fcr die Inhalte der verlinkten Seiten ist stets der jeweilige Anbieter oder Betreiber der Seiten verantwortlich. Die verlinkten Inhalte wurden zum Zeitpunkt der Verlinkung auf Rechteverst\u00f6sse kontrolliert. Eine permanente Kontrolle ist jedoch [&hellip;]<\/p>\n","protected":false},"author":1,"featured_media":0,"parent":0,"menu_order":900,"comment_status":"closed","ping_status":"open","template":"","meta":{"footnotes":""},"class_list":["post-16","page","type-page","status-publish","hentry"],"_links":{"self":[{"href":"https:\/\/heppg.de\/ikg\/wordpress\/index.php?rest_route=\/wp\/v2\/pages\/16","targetHints":{"allow":["GET"]}}],"collection":[{"href":"https:\/\/heppg.de\/ikg\/wordpress\/index.php?rest_route=\/wp\/v2\/pages"}],"about":[{"href":"https:\/\/heppg.de\/ikg\/wordpress\/index.php?rest_route=\/wp\/v2\/types\/page"}],"author":[{"embeddable":true,"href":"https:\/\/heppg.de\/ikg\/wordpress\/index.php?rest_route=\/wp\/v2\/users\/1"}],"replies":[{"embeddable":true,"href":"https:\/\/heppg.de\/ikg\/wordpress\/index.php?rest_route=%2Fwp%2Fv2%2Fcomments&post=16"}],"version-history":[{"count":5,"href":"https:\/\/heppg.de\/ikg\/wordpress\/index.php?rest_route=\/wp\/v2\/pages\/16\/revisions"}],"predecessor-version":[{"id":141,"href":"https:\/\/heppg.de\/ikg\/wordpress\/index.php?rest_route=\/wp\/v2\/pages\/16\/revisions\/141"}],"wp:attachment":[{"href":"https:\/\/heppg.de\/ikg\/wordpress\/index.php?rest_route=%2Fwp%2Fv2%2Fmedia&parent=16"}],"curies":[{"name":"wp","href":"https:\/\/api.w.org\/{rel}","templated":true}]}}