{"id":64,"date":"2014-01-26T15:58:59","date_gmt":"2014-01-26T14:58:59","guid":{"rendered":"http:\/\/heppg.de\/ikg\/wordpress\/?page_id=64"},"modified":"2014-02-07T09:37:02","modified_gmt":"2014-02-07T08:37:02","slug":"experimentierbox","status":"publish","type":"page","link":"https:\/\/heppg.de\/ikg\/wordpress\/?page_id=64","title":{"rendered":"Experimentierbox"},"content":{"rendered":"<p><img loading=\"lazy\" decoding=\"async\" class=\"alignnone size-full wp-image-65\" alt=\"logo\" src=\"http:\/\/heppg.de\/ikg\/wordpress\/wp-content\/uploads\/2014\/01\/logo.png\" width=\"285\" height=\"78\" \/><\/p>\n<p>Der Arbeitskreis findet am IKG in den neuen NWT-R\u00e4umen statt. Allerdings ist dort keine permanente Installation der RaspberryPi mit Monitoren, Peripherie, Steckbrett m\u00f6glich.<br \/>\nEs war eine L\u00f6sung n\u00f6tig, die<\/p>\n<ul>\n<li>lagerf\u00e4hig ist.<\/li>\n<li>schnelles Auf- und Abbauen erm\u00f6glicht.<\/li>\n<li>Versuchsaufbauten sch\u00fctzt.<\/li>\n<\/ul>\n<p>Bei einem Vortrag im Juni 2013 in York, Raspberry Jam am STEM Centre hat David Whale seine praktischen Erfahrungen mit einem &#8216;<a href=\"http:\/\/blog.whaleygeek.co.uk\/setting-up-a-raspberry-pi-club\/\">afterschool workshop<\/a>&#8216; vorgestellt. Daraus entstand die Idee mit einem &#8216;Experimentierbrett&#8217;, einer Platte mit aufmontiertem Raspberry, Adapterplatine und Steckbrett.<br \/>\nDiese Platten mussten stapelbar sein in dem verf\u00fcgbaren Lagerplatz in einem Schrank. Die zuerst angedachte L\u00f6sung mit einem &#8216;rack&#8217;, einem Einschubfach f\u00fcr diese Platten, wurde verworfen. Die Konstruktion w\u00e4re zu aufwendig gewesen und die empfindlichen Versuchsaufbauten w\u00e4ren nicht gesch\u00fctzt.<br \/>\nSchliesslich wurde in einer Diskussion mit Dr. W. Heinbach, d+d+m, die Idee mit handels\u00fcblichen Lagerboxen gefunden.<\/p>\n<p><a href=\"http:\/\/heppg.de\/ikg\/wordpress\/wp-content\/uploads\/2014\/01\/experimentierbox_deckel.jpg\"><img loading=\"lazy\" decoding=\"async\" class=\"alignnone  wp-image-68\" title=\"raspberrypi experimentier BOX#2\" alt=\"experimentierbox_deckel\" src=\"http:\/\/heppg.de\/ikg\/wordpress\/wp-content\/uploads\/2014\/01\/experimentierbox_deckel.jpg\" width=\"480\" height=\"360\" \/><\/a><\/p>\n<p><a href=\"http:\/\/heppg.de\/ikg\/wordpress\/wp-content\/uploads\/2014\/01\/experimentierbox_offen.jpg\"><img loading=\"lazy\" decoding=\"async\" class=\"alignnone  wp-image-69\" alt=\"experimentierbox_offen\" src=\"http:\/\/heppg.de\/ikg\/wordpress\/wp-content\/uploads\/2014\/01\/experimentierbox_offen.jpg\" width=\"480\" height=\"377\" \/><\/a><\/p>\n<p>Die &#8220;raspberrypi experimentier BOX&#8221; sind stapelbar, enthalten eine Platte mit RaspberryPi, Adapterplatine und Steckbrett. Eine Halteplatte f\u00fcr Buchsen, Servo erlaubt einfache Versuchsaufbauten. In die Box passen Netzteile, Maus, Kabel und Kleinteile.<\/p>\n<p>Zwei Regalf\u00e4cher reichen um die Monitore und Boxen in einem Lehrmittelschrank zu verstauen.<\/p>\n<p><a href=\"http:\/\/heppg.de\/ikg\/wordpress\/wp-content\/uploads\/2014\/01\/schrank.jpg\"><img loading=\"lazy\" decoding=\"async\" class=\"alignnone size-full wp-image-92\" alt=\"schrank\" src=\"http:\/\/heppg.de\/ikg\/wordpress\/wp-content\/uploads\/2014\/01\/schrank.jpg\" width=\"450\" height=\"338\" \/><\/a><\/p>\n<p>Die Boxen sind durchnummeriert und die Sch\u00fclern achten aufmerksam darauf, dass sie &#8216;ihre&#8217; Boxen bekommen.<\/p>\n<p><a href=\"http:\/\/heppg.de\/ikg\/wordpress\/wp-content\/uploads\/2014\/01\/fingerweg.jpg\"><img loading=\"lazy\" decoding=\"async\" class=\"alignnone size-full wp-image-91\" alt=\"fingerweg\" src=\"http:\/\/heppg.de\/ikg\/wordpress\/wp-content\/uploads\/2014\/01\/fingerweg.jpg\" width=\"400\" height=\"300\" \/><\/a><\/p>\n","protected":false},"excerpt":{"rendered":"<p>Der Arbeitskreis findet am IKG in den neuen NWT-R\u00e4umen statt. Allerdings ist dort keine permanente Installation der RaspberryPi mit Monitoren, Peripherie, Steckbrett m\u00f6glich. Es war eine L\u00f6sung n\u00f6tig, die lagerf\u00e4hig ist. schnelles Auf- und Abbauen erm\u00f6glicht. Versuchsaufbauten sch\u00fctzt. Bei einem Vortrag im Juni 2013 in York, Raspberry Jam am STEM Centre hat David Whale seine [&hellip;]<\/p>\n","protected":false},"author":1,"featured_media":0,"parent":0,"menu_order":100,"comment_status":"closed","ping_status":"open","template":"","meta":{"footnotes":""},"class_list":["post-64","page","type-page","status-publish","hentry"],"_links":{"self":[{"href":"https:\/\/heppg.de\/ikg\/wordpress\/index.php?rest_route=\/wp\/v2\/pages\/64","targetHints":{"allow":["GET"]}}],"collection":[{"href":"https:\/\/heppg.de\/ikg\/wordpress\/index.php?rest_route=\/wp\/v2\/pages"}],"about":[{"href":"https:\/\/heppg.de\/ikg\/wordpress\/index.php?rest_route=\/wp\/v2\/types\/page"}],"author":[{"embeddable":true,"href":"https:\/\/heppg.de\/ikg\/wordpress\/index.php?rest_route=\/wp\/v2\/users\/1"}],"replies":[{"embeddable":true,"href":"https:\/\/heppg.de\/ikg\/wordpress\/index.php?rest_route=%2Fwp%2Fv2%2Fcomments&post=64"}],"version-history":[{"count":6,"href":"https:\/\/heppg.de\/ikg\/wordpress\/index.php?rest_route=\/wp\/v2\/pages\/64\/revisions"}],"predecessor-version":[{"id":113,"href":"https:\/\/heppg.de\/ikg\/wordpress\/index.php?rest_route=\/wp\/v2\/pages\/64\/revisions\/113"}],"wp:attachment":[{"href":"https:\/\/heppg.de\/ikg\/wordpress\/index.php?rest_route=%2Fwp%2Fv2%2Fmedia&parent=64"}],"curies":[{"name":"wp","href":"https:\/\/api.w.org\/{rel}","templated":true}]}}