{"id":72,"date":"2014-01-26T16:59:05","date_gmt":"2014-01-26T15:59:05","guid":{"rendered":"http:\/\/heppg.de\/ikg\/wordpress\/?page_id=72"},"modified":"2014-08-27T17:51:37","modified_gmt":"2014-08-27T15:51:37","slug":"adapterplatine","status":"publish","type":"page","link":"https:\/\/heppg.de\/ikg\/wordpress\/?page_id=72","title":{"rendered":"Adapterplatine"},"content":{"rendered":"<p>Um die Elektronik des RaspberryPi zu sch\u00fctzen sollte eine Interfaceplatine verwendet werden.<\/p>\n<p>Die verf\u00fcgbare &#8216;Gertboard&#8217;-Platine von Gert van Loo war wegen der einfachen Konstruktion die erste Wahl. Allerdings ist die Konfiguration mit Steckbr\u00fccken relativ aufwendig und der Motorkontroller und Microkontroller waren f\u00fcr den geplanten Einsatz an der Schule nicht n\u00f6tig.<br \/>\nAus diesen Gr\u00fcnden wurde eine eigene Platine entworfen.<\/p>\n<ul>\n<li>8 digitale Ein- oder Ausg\u00e4nge, Taster\/Schalter einfach anschliessbar.<\/li>\n<li>8 open Collector Schalter mit bis zu 500 mA.<\/li>\n<li>Anschluss f\u00fcr zwei Servo<\/li>\n<li>Anschluss von 4 Gabellichtschranken<\/li>\n<li>drei interne Taster<\/li>\n<li>9 interne Leuchtdioden<\/li>\n<li>AD-Wandler mit zwei Kan\u00e4len f\u00fcr Potentiometer oder Abstandsensor.<\/li>\n<li>DA-Wandler.<\/li>\n<li>eigene Spannungsregler 3.3 V<\/li>\n<\/ul>\n<p>Komplexe Schaltungen und kleine SMD-Bauteile wurden auch deswegen vermieden, um den Sch\u00fclern ggf. einen Nachbau zu erm\u00f6glichen.<\/p>\n<p>Die integrierten Schaltkreise der Platine sind gesockelt, so dass bei einem Fehler und Ausfall des Chips eine Reparatur m\u00f6glich ist.<a href=\"http:\/\/heppg.de\/ikg\/wordpress\/wp-content\/uploads\/2014\/01\/platine_abdeckung.jpg\"><img loading=\"lazy\" decoding=\"async\" class=\"alignnone size-full wp-image-73\" src=\"http:\/\/heppg.de\/ikg\/wordpress\/wp-content\/uploads\/2014\/01\/platine_abdeckung.jpg\" alt=\"platine_abdeckung\" width=\"500\" height=\"375\" \/><\/a><\/p>\n<p>Die Platine wird mit einer Acrylglas-Abdeckung montiert. Diese sch\u00fctzt die Platine vor Besch\u00e4digung. Anschl\u00fcsse sind am Rand der Platine mit Steckleisten aufgebaut. Die Verbindung zum Steckbrett erfolgt mit Steckbrett-Verbindern.<\/p>\n<p>Das <a href=\"http:\/\/www.heppg.de\/ikg\/box\/adapter\/index.html\">Handbuch der Platine<\/a> enth\u00e4lt die Erkl\u00e4rung der Funktion und ausf\u00fchrliche Beispiele f\u00fcr den Anschluss von Sensoren\/Aktoren.<\/p>\n","protected":false},"excerpt":{"rendered":"<p>Um die Elektronik des RaspberryPi zu sch\u00fctzen sollte eine Interfaceplatine verwendet werden. Die verf\u00fcgbare &#8216;Gertboard&#8217;-Platine von Gert van Loo war wegen der einfachen Konstruktion die erste Wahl. Allerdings ist die Konfiguration mit Steckbr\u00fccken relativ aufwendig und der Motorkontroller und Microkontroller waren f\u00fcr den geplanten Einsatz an der Schule nicht n\u00f6tig. Aus diesen Gr\u00fcnden wurde eine [&hellip;]<\/p>\n","protected":false},"author":1,"featured_media":0,"parent":64,"menu_order":110,"comment_status":"closed","ping_status":"open","template":"","meta":{"footnotes":""},"class_list":["post-72","page","type-page","status-publish","hentry"],"_links":{"self":[{"href":"https:\/\/heppg.de\/ikg\/wordpress\/index.php?rest_route=\/wp\/v2\/pages\/72","targetHints":{"allow":["GET"]}}],"collection":[{"href":"https:\/\/heppg.de\/ikg\/wordpress\/index.php?rest_route=\/wp\/v2\/pages"}],"about":[{"href":"https:\/\/heppg.de\/ikg\/wordpress\/index.php?rest_route=\/wp\/v2\/types\/page"}],"author":[{"embeddable":true,"href":"https:\/\/heppg.de\/ikg\/wordpress\/index.php?rest_route=\/wp\/v2\/users\/1"}],"replies":[{"embeddable":true,"href":"https:\/\/heppg.de\/ikg\/wordpress\/index.php?rest_route=%2Fwp%2Fv2%2Fcomments&post=72"}],"version-history":[{"count":5,"href":"https:\/\/heppg.de\/ikg\/wordpress\/index.php?rest_route=\/wp\/v2\/pages\/72\/revisions"}],"predecessor-version":[{"id":313,"href":"https:\/\/heppg.de\/ikg\/wordpress\/index.php?rest_route=\/wp\/v2\/pages\/72\/revisions\/313"}],"up":[{"embeddable":true,"href":"https:\/\/heppg.de\/ikg\/wordpress\/index.php?rest_route=\/wp\/v2\/pages\/64"}],"wp:attachment":[{"href":"https:\/\/heppg.de\/ikg\/wordpress\/index.php?rest_route=%2Fwp%2Fv2%2Fmedia&parent=72"}],"curies":[{"name":"wp","href":"https:\/\/api.w.org\/{rel}","templated":true}]}}